{"id":3,"date":"2025-05-17T12:41:20","date_gmt":"2025-05-17T12:41:20","guid":{"rendered":"https:\/\/finquesgaldos.es\/?page_id=3"},"modified":"2025-05-21T10:17:29","modified_gmt":"2025-05-21T10:17:29","slug":"politicas-de-privacidad","status":"publish","type":"page","link":"https:\/\/finquesgaldos.es\/ca\/politicas-de-privacidad\/","title":{"rendered":"Pol\u00edtica de privacitat"},"content":{"rendered":"<p>Pol\u00edtica De Privacitat <strong>Finques Galdos, S. L<\/strong> estableix els termes en qu\u00e8 <strong>finquesgaldos.es<\/strong> usos i protegeix la informaci\u00f3 que sigui facilitada pels usuaris quan utilitzen la seva p\u00e0gina web. Estem compromesos amb la seguretat de les dades dels usuaris. Quan demanem que ompliu els camps d&#039;informaci\u00f3 personal amb el qual es pot identificar, podrem fer-ho per garantir que nom\u00e9s s&#039;ha d&#039;utilitzar d&#039;acord amb els termes d&#039;aquest document.<\/p>\n\n\n\n<h2 class=\"wp-block-heading\">Com obtenir les dades?<\/h2>\n\n\n\n<p>Hi ha diferents mitjans:<\/p>\n\n\n\n<ul class=\"wp-block-list\">\n<li>Formulari de contacte<\/li>\n\n\n\n<li>Formulari de subscripci\u00f3<\/li>\n\n\n\n<li>Comentaris a les entrades<\/li>\n\n\n\n<li>Forma de venda<\/li>\n\n\n\n<li>Enviament de mails<\/li>\n\n\n\n<li>Les galetes.<\/li>\n<\/ul>\n\n\n\n<h2 class=\"wp-block-heading\">Aquesta informaci\u00f3 es recull.<\/h2>\n\n\n\n<p>El nostre lloc web pot recollir informaci\u00f3 de car\u00e0cter personal, per exemple: Nom, dades de contacte, com ara el teu e-mail i dades demogr\u00e0fiques. Aix\u00ed mateix, quan sigui necessari, pot ser necess\u00e0ria per a la informaci\u00f3 espec\u00edfica per tal de processar una comanda o fer un lliurament o de facturaci\u00f3.<\/p>\n\n\n\n<h2 class=\"wp-block-heading\">\u00das de la informaci\u00f3<\/h2>\n\n\n\n<p>El nostre lloc web utilitza la informaci\u00f3 per tal de proporcionar el millor servei possible, per millorar la seva usabilitat, a mantenir un registre d&#039;usuaris, comandes (si s&#039;escau), i millorar els nostres productes i serveis. \u00c9s possible que s&#039;envien missatges de correu electr\u00f2nic a trav\u00e9s de la nostra web amb les notificacions i ofertes que creiem que s\u00f3n rellevants per a vost\u00e8, aquests missatges s&#039;enviaran a l&#039;adre\u00e7a que proporcioneu i pot ser cancel \u00b7 lar en qualsevol moment.<\/p>\n\n\n\n<p><strong>Ens comprometem a complir el comprom\u00eds de mantenir la seva informaci\u00f3 segura i confidencial.<\/strong><\/p>\n\n\n\n<h2 class=\"wp-block-heading\">Quins s\u00f3n els vostres drets?<\/h2>\n\n\n\n<p>Qualsevol persona t\u00e9 dret a obtenir la confirmaci\u00f3 sobre si estem tractar les seves dades de car\u00e0cter personal.<\/p>\n\n\n\n<p>Les persones interessades tenen dret a:<\/p>\n\n\n\n<ul class=\"wp-block-list\">\n<li>Sol\u00b7licitar l&#039;acc\u00e9s a les dades personals de l&#039;interessat.<\/li>\n\n\n\n<li>I sol\u00b7licitar la seva rectificaci\u00f3 o supressi\u00f3.<\/li>\n\n\n\n<li>Sol\u00b7licitud de la limitaci\u00f3 del seu tractament.<\/li>\n\n\n\n<li>Per oposar-se al tractament.<\/li>\n\n\n\n<li>Sol\u00b7licitar la portabilitat de les dades.<\/li>\n<\/ul>\n\n\n\n<h2 class=\"wp-block-heading\">Quant de temps hem de mantenir les vostres dades?<\/h2>\n\n\n\n<p>Les dades de car\u00e0cter personal facilitades seran conservats:<\/p>\n\n\n\n<ul class=\"wp-block-list\">\n<li>Mentre es mant\u00e9 la relaci\u00f3.<\/li>\n\n\n\n<li>No \u00e9s fins a vost\u00e8 per demanar la seva eliminaci\u00f3 per les dades.<\/li>\n\n\n\n<li>En el cas de cookies, segons el temps de vig\u00e8ncia de la mateixa o de la seva definici\u00f3 s&#039;esborren.<\/li>\n<\/ul>\n\n\n\n<p><strong>Acceptaci\u00f3 i consentiment<\/strong><\/p>\n\n\n\n<p>L&#039;usuari, declara haver estat informat de les condicions sobre protecci\u00f3 de dades de car\u00e0cter personal, acceptant i consentint el tractament dels mateixos en la forma i per les finalitats indicades en la present pol\u00edtica de privacitat.<\/p>\n\n\n\n<p>La base legal per al tractament de les seves dades \u00e9s el consentiment, que es necessari que aquestes pol\u00edtiques de privacitat. <\/p>\n\n\n\n<h2 class=\"wp-block-heading\">Responsable de tractament de dades.<\/h2>\n\n\n\n<ul class=\"wp-block-list\">\n<li>Responsable identitat: Finques Galdos, SL<\/li>\n\n\n\n<li>Nom De L&#039;Empresa: Finques Galdos<\/li>\n\n\n\n<li>Adre\u00e7a: Avinguda Marqu\u00e8s de Sant Mori, 77 08913 Badalona.<\/li>\n\n\n\n<li>E-Mail: Fincas-galdos@hotmail.com<\/li>\n<\/ul>\n\n\n\n<h2 class=\"wp-block-heading\">Enlla\u00e7os de tercers<\/h2>\n\n\n\n<p>Aquest lloc web pot contenir enlla\u00e7os a altres llocs web que poden ser d&#039;inter\u00e8s per a vost\u00e8. Una vegada que feu clic en aquests enlla\u00e7os i deixar la nostra p\u00e0gina, ja no tenim control sobre la lloc web al qual vost\u00e8 es redirigeixen i, per tant, no ens fem responsables de les condicions o de privadesa o protecci\u00f3 de les seves dades a altres p\u00e0gines de tercers. Aquests llocs estan subjectes a les seves pr\u00f2pies pol\u00edtiques de privacitat per tant, es recomana que comproveu que esteu d&#039;acord amb aquestes.<\/p>\n\n\n\n<h2 class=\"wp-block-heading\">Galetes pol\u00edtica<\/h2>\n\n\n\n<p>En la Pol\u00edtica de Galetes de Finques Galdos, hem de complir amb el que us informa que aquest lloc web pot recollir informaci\u00f3 autom\u00e0ticament utilitzant &#034;cookies&#034;, \u00e9s per aquest motiu que ens demanar\u00e0 confirmaci\u00f3 i li demanem que llegiu amb cura tant les pol\u00edtiques de galetes com les pol\u00edtiques de privadesa, de manera que vost\u00e8 pot gaudir el seu contingut, amb total tranquil\u00b7litat.<\/p>\n\n\n\n<h2 class=\"wp-block-heading\">Qu\u00e8 s\u00f3n les Galetes?<\/h2>\n\n\n\n<p>Les Cookies s\u00f3n una eina utilitzada pels servidors Web per emmagatzemar i recuperar informaci\u00f3 sobre els seus visitants. No \u00e9s m\u00e9s que un fitxer de text que alguns servidors demanen al nostre navegador per tipus en el nostre disc dur, amb informaci\u00f3 sobre el que hem estat fent per les seves p\u00e0gines. Tenen una data de caducitat, que pot variar des de el temps que duri la sessi\u00f3 fins a una data futura especificada, a partir de la qual deixen de ser operatives.<\/p>\n\n\n\n<h2 class=\"wp-block-heading\"><strong>Nosaltres utilitzem cookies<\/strong><\/h2>\n\n\n\n<p><strong>Cookies aquesta p\u00e0gina web us ajuda a:<\/strong><\/p>\n\n\n\n<ul class=\"wp-block-list\">\n<li>Per fer aquest lloc web funcioni correctament<\/li>\n\n\n\n<li>Salvar de tenir la sessi\u00f3 cada vegada que visiti aquest lloc<\/li>\n\n\n\n<li>Recordeu que la vostra configuraci\u00f3 durant i entre les visites<\/li>\n\n\n\n<li>Permet visualitzar els v\u00eddeos<\/li>\n\n\n\n<li>Millorar la velocitat o de seguretat del lloc<\/li>\n\n\n\n<li>Podeu compartir p\u00e0gines amb les xarxes socials<\/li>\n\n\n\n<li>Millorar cont\u00ednuament aquest lloc web<\/li>\n\n\n\n<li>Per mostrar-vos anuncis basats en els seus h\u00e0bits de navegaci\u00f3.<\/li>\n<\/ul>\n\n\n\n<p><strong>No s&#039;utilitza mai les cookies a:<\/strong><\/p>\n\n\n\n<ul class=\"wp-block-list\">\n<li>Per recopilar informaci\u00f3 d&#039;identificaci\u00f3 personal (sense el seu perm\u00eds expr\u00e9s)<\/li>\n\n\n\n<li>Recollir informaci\u00f3 confidencial sense el seu perm\u00eds expr\u00e9s)<\/li>\n\n\n\n<li>Per compartir informaci\u00f3 personalment identificable de dades a tercers<\/li>\n<\/ul>\n\n\n\n<p>Com a usuari, vost\u00e8 pot rebutjar el tractament de les dades o la informaci\u00f3 bloqueig aquestes cookies, mitjan\u00e7ant la selecci\u00f3 de la configuraci\u00f3 apropiada del seu navegador. No obstant aix\u00f2, vost\u00e8 ha de saber que si ho fa, el lloc no funcioni correctament. Per accedir al lloc web, si continua a navegar,que&nbsp;<strong>vost\u00e8 haur\u00e0 de proporcionar el seu consentiment<\/strong>&nbsp;per a l&#039;\u00fas de les galetes que es detallen a continuaci\u00f3.<\/p>\n\n\n\n<h2 class=\"wp-block-heading\">Quin tipus de galetes es poden utilitzar.<\/h2>\n\n\n\n<h3 class=\"wp-block-heading\"><strong>Primer partit de Galetes:<\/strong><\/h3>\n\n\n\n<ul class=\"wp-block-list\">\n<li>Galetes d&#039;emmagatzematge de la sessi\u00f3, per garantir que els usuaris que escriuen comentaris en el blog s\u00f3n humans i no automatitzat de les aplicacions. Aquest \u00e9s el combat de la&nbsp;<em>el correu brossa<\/em>. Aquestes &#034;cookies&#034; s&#039;esborren quan vost\u00e8 navega a trav\u00e9s de la nostra p\u00e0gina web, o, en el cas de l&#039;actiu de la sessi\u00f3, a m\u00e9s del tancament de la sessi\u00f3.<\/li>\n\n\n\n<li>Les galetes, emmagatzematge local: Per tal de mantenir les sessions obertes i el consentiment de les galetes que es guarden.<\/li>\n\n\n\n<li>Altres galetes:<\/li>\n<\/ul>\n\n\n\n<p>Heu de saber que tenint en compte la manera com funciona Internet i llocs web, no sempre \u00e9s possible disposar d&#039;informaci\u00f3 actualitzada de totes les &#034;cookies&#034; que tercers poden utilitzar a trav\u00e9s d&#039;aquest lloc web, per\u00f2 que li proporcionar\u00e0 una llista tan completa com sigui possible de la mateixa i en el cas que es consideri necess\u00e0ria, podeu consultar la candadito que \u00e9s a l&#039;esquerra de l&#039;URL del lloc (Chrome, per exemple) i informar-nos sobre qualsevol addicional.<\/p>\n\n\n\n<figure class=\"wp-block-table\"><table class=\"has-fixed-layout\"><tbody><tr><td><strong>Galeta<\/strong><\/td><td><strong>Domini<\/strong><\/td><\/tr><tr><td>TawkConnectionTime<\/td><td>.finquesgaldos.\u00e9s<\/td><\/tr><tr><td>__tawkuuid<\/td><td>.finquesgaldos.\u00e9s<\/td><\/tr><\/tbody><\/table><\/figure>\n\n\n\n<h3 class=\"wp-block-heading\"><strong>Les Galetes de tercers:<\/strong><\/h3>\n\n\n\n<p>Aquest lloc web, com la majoria de webs, inclou la funcionalitat proporcionada per tercers i, per tant, a la galeta pol\u00edtica chamuyo tutorials complir amb mensionarlas.<\/p>\n\n\n\n<p><strong>Galetes d&#039;an\u00e0lisi:<\/strong>&nbsp;Es recullen nom\u00e9s per tercers, com ara Google Analytics, que permet quantificar el nombre d&#039;usuaris i per tant, realitzar la mesura i l&#039;an\u00e0lisi estad\u00edstica de l&#039;\u00fas que els usuaris fan del servei ofert. Per aix\u00f2, analitzar la seva navegaci\u00f3 per la nostra p\u00e0gina web per tal de millorar l&#039;oferta de productes o serveis que oferim.<\/p>\n\n\n\n<p><strong>Xarxes socials Galetes:<\/strong>&nbsp;Cada xarxa social utilitza les seves pr\u00f2pies&nbsp;<em>les cookies<\/em>&nbsp;per a que vost\u00e8 pot fer clic als botons de tipus&nbsp;<em>M&#039;agrada<\/em>&nbsp;o&nbsp;<em>Compartir<\/em>. Aix\u00ed com en els comentaris de facebook integrats en alguns dels nostres articles.<\/p>\n\n\n\n<p>A continuaci\u00f3 es mostren les p\u00e0gines web per a les pol\u00edtiques de privacitat de les xarxes socials que puguin ser utilitzades per aquest lloc web.<\/p>\n\n\n\n<ul class=\"wp-block-list\">\n<li>Instagram:&nbsp;<a href=\"https:\/\/help.instagram.com\/1896641480634370?ref=ig\" target=\"_blank\" rel=\"noreferrer noopener\">Galetes pol\u00edtica<\/a><\/li>\n\n\n\n<li>Facebook:&nbsp;<a href=\"https:\/\/www.facebook.com\/help\/cookies?ref_type=sitefooter\" target=\"_blank\" rel=\"noreferrer noopener\">Galetes pol\u00edtica<\/a><\/li>\n\n\n\n<li>Youtube:&nbsp;<a href=\"https:\/\/www.google.es\/intl\/es\/policies\/technologies\/cookies\/\" target=\"_blank\" rel=\"noreferrer noopener\">Galetes pol\u00edtica<\/a><\/li>\n<\/ul>\n\n\n\n<p><strong>Altres galetes:<\/strong>&nbsp;per millorar la vostra experi\u00e8ncia i funcionalitats \u00fas de tercers els components i serveis oferts, com els serveis de WordPress. Aquestes caracter\u00edstiques pot requerir l&#039;\u00fas de cookies.<\/p>\n\n\n\n<h2 class=\"wp-block-heading\">Com puc gestionar i desactivar aquestes galetes?<\/h2>\n\n\n\n<p>En el cas que vulgueu, \u00e9s possible ajustar el seu navegador perqu\u00e8 li notifiqui abans de descarregar-les.<\/p>\n\n\n\n<p>Tamb\u00e9 podeu modificar la configuraci\u00f3 del navegador per rebutjar totes les cookies o nom\u00e9s les galetes de tercers. Tamb\u00e9 podeu suprimir les galetes que ja estan en el vostre ordinador.<\/p>\n\n\n\n<p>Si us plau, tingueu en compte que cal adaptar l&#039;independent de configuraci\u00f3 de cada navegador i l&#039;equip que utilitzeu.<\/p>\n\n\n\n<p>AQUEST lloc WEB posa a disposici\u00f3 dels usuaris que vulguin impedir la instal\u00b7laci\u00f3 de les esmentades cookies, enlla\u00e7os proporcionats pels navegadors web, l&#039;\u00fas dels quals es considera m\u00e9s estesos:<\/p>\n\n\n\n<p><a href=\"https:\/\/support.google.com\/chrome\/bin\/answer.py?hl=es-419&amp;answer=95647\" target=\"_blank\" rel=\"noreferrer noopener\">Google Chrome<\/a>&nbsp;\u2013&nbsp;<a href=\"https:\/\/privacy.microsoft.com\/es-mx\/privacystatement\" target=\"_blank\" rel=\"noreferrer noopener\">Internet Explorer<\/a>&nbsp;\u2013&nbsp;<a href=\"https:\/\/support.mozilla.org\/es\/kb\/habilitar-y-deshabilitar-cookies-que-los-sitios-we\" target=\"_blank\" rel=\"noreferrer noopener\">Mozilla Firefox<\/a>&nbsp;\u2013&nbsp;<a href=\"https:\/\/support.apple.com\/kb\/HT1677?viewlocale=es_ES%20%97%20http:\/\/support.apple.com\/kb\/ph5042\" target=\"_blank\" rel=\"noreferrer noopener\">Apple Safari<\/a>.<\/p>","protected":false},"excerpt":{"rendered":"<p>Las Pol\u00edticas de Privacidad de Finques Galdos, S.L establecen los t\u00e9rminos en que finquesgaldos.es usa y protege la informaci\u00f3n que es proporcionada por sus usuarios al momento de utilizar su sitio web. Estamos comprometidos con la seguridad de los datos de los usuarios. Cuando le pedimos llenar los campos de informaci\u00f3n personal con la cual [&hellip;]<\/p>","protected":false},"author":1,"featured_media":8,"parent":0,"menu_order":0,"comment_status":"closed","ping_status":"open","template":"","meta":{"site-sidebar-layout":"default","site-content-layout":"","ast-site-content-layout":"default","site-content-style":"default","site-sidebar-style":"default","ast-global-header-display":"","ast-banner-title-visibility":"","ast-main-header-display":"","ast-hfb-above-header-display":"","ast-hfb-below-header-display":"","ast-hfb-mobile-header-display":"","site-post-title":"","ast-breadcrumbs-content":"","ast-featured-img":"","footer-sml-layout":"","theme-transparent-header-meta":"","adv-header-id-meta":"","stick-header-meta":"","header-above-stick-meta":"","header-main-stick-meta":"","header-below-stick-meta":"","astra-migrate-meta-layouts":"set","ast-page-background-enabled":"default","ast-page-background-meta":{"desktop":{"background-color":"","background-image":"","background-repeat":"repeat","background-position":"center center","background-size":"auto","background-attachment":"scroll","background-type":"","background-media":"","overlay-type":"","overlay-color":"","overlay-opacity":"","overlay-gradient":""},"tablet":{"background-color":"","background-image":"","background-repeat":"repeat","background-position":"center center","background-size":"auto","background-attachment":"scroll","background-type":"","background-media":"","overlay-type":"","overlay-color":"","overlay-opacity":"","overlay-gradient":""},"mobile":{"background-color":"","background-image":"","background-repeat":"repeat","background-position":"center center","background-size":"auto","background-attachment":"scroll","background-type":"","background-media":"","overlay-type":"","overlay-color":"","overlay-opacity":"","overlay-gradient":""}},"ast-content-background-meta":{"desktop":{"background-color":"var(--ast-global-color-5)","background-image":"","background-repeat":"repeat","background-position":"center center","background-size":"auto","background-attachment":"scroll","background-type":"","background-media":"","overlay-type":"","overlay-color":"","overlay-opacity":"","overlay-gradient":""},"tablet":{"background-color":"var(--ast-global-color-5)","background-image":"","background-repeat":"repeat","background-position":"center center","background-size":"auto","background-attachment":"scroll","background-type":"","background-media":"","overlay-type":"","overlay-color":"","overlay-opacity":"","overlay-gradient":""},"mobile":{"background-color":"var(--ast-global-color-5)","background-image":"","background-repeat":"repeat","background-position":"center center","background-size":"auto","background-attachment":"scroll","background-type":"","background-media":"","overlay-type":"","overlay-color":"","overlay-opacity":"","overlay-gradient":""}},"_joinchat":[],"footnotes":""},"class_list":["post-3","page","type-page","status-publish","has-post-thumbnail","hentry"],"yoast_head":"<!-- This site is optimized with the Yoast SEO plugin v25.1 - https:\/\/yoast.com\/wordpress\/plugins\/seo\/ -->\n<title>Pol\u00edticas de privacidad - Finques Galdos<\/title>\n<meta name=\"robots\" content=\"index, follow, max-snippet:-1, max-image-preview:large, max-video-preview:-1\" \/>\n<link rel=\"canonical\" href=\"https:\/\/finquesgaldos.es\/ca\/politicas-de-privacidad\/\" \/>\n<meta property=\"og:locale\" content=\"ca_ES\" \/>\n<meta property=\"og:type\" content=\"article\" \/>\n<meta property=\"og:title\" content=\"Pol\u00edticas de privacidad - Finques Galdos\" \/>\n<meta property=\"og:description\" content=\"Las Pol\u00edticas de Privacidad de Finques Galdos, S.L establecen los t\u00e9rminos en que finquesgaldos.es usa y protege la informaci\u00f3n que es proporcionada por sus usuarios al momento de utilizar su sitio web. Estamos comprometidos con la seguridad de los datos de los usuarios. Cuando le pedimos llenar los campos de informaci\u00f3n personal con la cual [&hellip;]\" \/>\n<meta property=\"og:url\" content=\"https:\/\/finquesgaldos.es\/ca\/politicas-de-privacidad\/\" \/>\n<meta property=\"og:site_name\" content=\"Finques Galdos\" \/>\n<meta property=\"article:publisher\" content=\"https:\/\/www.facebook.com\/fincasgaldos\/\" \/>\n<meta property=\"article:modified_time\" content=\"2025-05-21T10:17:29+00:00\" \/>\n<meta property=\"og:image\" content=\"https:\/\/finquesgaldos.es\/wp-content\/uploads\/2025\/05\/LOGO-finques-galdos-e1747490730351.png\" \/>\n\t<meta property=\"og:image:width\" content=\"463\" \/>\n\t<meta property=\"og:image:height\" content=\"155\" \/>\n\t<meta property=\"og:image:type\" content=\"image\/png\" \/>\n<meta name=\"twitter:card\" content=\"summary_large_image\" \/>\n<meta name=\"twitter:label1\" content=\"Temps estimat de lectura\" \/>\n\t<meta name=\"twitter:data1\" content=\"7 minuts\" \/>\n<script type=\"application\/ld+json\" class=\"yoast-schema-graph\">{\"@context\":\"https:\/\/schema.org\",\"@graph\":[{\"@type\":\"WebPage\",\"@id\":\"https:\/\/finquesgaldos.es\/politicas-de-privacidad\/\",\"url\":\"https:\/\/finquesgaldos.es\/politicas-de-privacidad\/\",\"name\":\"Pol\u00edticas de privacidad - Finques Galdos\",\"isPartOf\":{\"@id\":\"https:\/\/finquesgaldos.es\/#website\"},\"primaryImageOfPage\":{\"@id\":\"https:\/\/finquesgaldos.es\/politicas-de-privacidad\/#primaryimage\"},\"image\":{\"@id\":\"https:\/\/finquesgaldos.es\/politicas-de-privacidad\/#primaryimage\"},\"thumbnailUrl\":\"https:\/\/finquesgaldos.es\/wp-content\/uploads\/2025\/05\/LOGO-finques-galdos-e1747490730351.png\",\"datePublished\":\"2025-05-17T12:41:20+00:00\",\"dateModified\":\"2025-05-21T10:17:29+00:00\",\"breadcrumb\":{\"@id\":\"https:\/\/finquesgaldos.es\/politicas-de-privacidad\/#breadcrumb\"},\"inLanguage\":\"ca\",\"potentialAction\":[{\"@type\":\"ReadAction\",\"target\":[\"https:\/\/finquesgaldos.es\/politicas-de-privacidad\/\"]}]},{\"@type\":\"ImageObject\",\"inLanguage\":\"ca\",\"@id\":\"https:\/\/finquesgaldos.es\/politicas-de-privacidad\/#primaryimage\",\"url\":\"https:\/\/finquesgaldos.es\/wp-content\/uploads\/2025\/05\/LOGO-finques-galdos-e1747490730351.png\",\"contentUrl\":\"https:\/\/finquesgaldos.es\/wp-content\/uploads\/2025\/05\/LOGO-finques-galdos-e1747490730351.png\",\"width\":463,\"height\":155,\"caption\":\"LOGO finques galdos\"},{\"@type\":\"BreadcrumbList\",\"@id\":\"https:\/\/finquesgaldos.es\/politicas-de-privacidad\/#breadcrumb\",\"itemListElement\":[{\"@type\":\"ListItem\",\"position\":1,\"name\":\"Portada\",\"item\":\"https:\/\/finquesgaldos.es\/\"},{\"@type\":\"ListItem\",\"position\":2,\"name\":\"Pol\u00edticas de privacidad\"}]},{\"@type\":\"WebSite\",\"@id\":\"https:\/\/finquesgaldos.es\/#website\",\"url\":\"https:\/\/finquesgaldos.es\/\",\"name\":\"Finques Galdos\",\"description\":\"Gesti\u00f3n Inmobiliaria y administraci\u00f3n de fincas\",\"publisher\":{\"@id\":\"https:\/\/finquesgaldos.es\/#organization\"},\"potentialAction\":[{\"@type\":\"SearchAction\",\"target\":{\"@type\":\"EntryPoint\",\"urlTemplate\":\"https:\/\/finquesgaldos.es\/?s={search_term_string}\"},\"query-input\":{\"@type\":\"PropertyValueSpecification\",\"valueRequired\":true,\"valueName\":\"search_term_string\"}}],\"inLanguage\":\"ca\"},{\"@type\":\"Organization\",\"@id\":\"https:\/\/finquesgaldos.es\/#organization\",\"name\":\"Finques Galdos S.L.\",\"url\":\"https:\/\/finquesgaldos.es\/\",\"logo\":{\"@type\":\"ImageObject\",\"inLanguage\":\"ca\",\"@id\":\"https:\/\/finquesgaldos.es\/#\/schema\/logo\/image\/\",\"url\":\"https:\/\/finquesgaldos.es\/wp-content\/uploads\/2025\/05\/Logo.jpg\",\"contentUrl\":\"https:\/\/finquesgaldos.es\/wp-content\/uploads\/2025\/05\/Logo.jpg\",\"width\":1080,\"height\":1080,\"caption\":\"Finques Galdos S.L.\"},\"image\":{\"@id\":\"https:\/\/finquesgaldos.es\/#\/schema\/logo\/image\/\"},\"sameAs\":[\"https:\/\/www.facebook.com\/fincasgaldos\/\",\"https:\/\/www.instagram.com\/finques_galdos\/\"]}]}<\/script>\n<!-- \/ Yoast SEO plugin. -->","yoast_head_json":{"title":"Pol\u00edticas de privacidad - Finques Galdos","robots":{"index":"index","follow":"follow","max-snippet":"max-snippet:-1","max-image-preview":"max-image-preview:large","max-video-preview":"max-video-preview:-1"},"canonical":"https:\/\/finquesgaldos.es\/ca\/politicas-de-privacidad\/","og_locale":"ca_ES","og_type":"article","og_title":"Pol\u00edticas de privacidad - Finques Galdos","og_description":"Las Pol\u00edticas de Privacidad de Finques Galdos, S.L establecen los t\u00e9rminos en que finquesgaldos.es usa y protege la informaci\u00f3n que es proporcionada por sus usuarios al momento de utilizar su sitio web. Estamos comprometidos con la seguridad de los datos de los usuarios. Cuando le pedimos llenar los campos de informaci\u00f3n personal con la cual [&hellip;]","og_url":"https:\/\/finquesgaldos.es\/ca\/politicas-de-privacidad\/","og_site_name":"Finques Galdos","article_publisher":"https:\/\/www.facebook.com\/fincasgaldos\/","article_modified_time":"2025-05-21T10:17:29+00:00","og_image":[{"width":463,"height":155,"url":"https:\/\/finquesgaldos.es\/wp-content\/uploads\/2025\/05\/LOGO-finques-galdos-e1747490730351.png","type":"image\/png"}],"twitter_card":"summary_large_image","twitter_misc":{"Temps estimat de lectura":"7 minuts"},"schema":{"@context":"https:\/\/schema.org","@graph":[{"@type":"WebPage","@id":"https:\/\/finquesgaldos.es\/politicas-de-privacidad\/","url":"https:\/\/finquesgaldos.es\/politicas-de-privacidad\/","name":"Pol\u00edticas de privacidad - Finques Galdos","isPartOf":{"@id":"https:\/\/finquesgaldos.es\/#website"},"primaryImageOfPage":{"@id":"https:\/\/finquesgaldos.es\/politicas-de-privacidad\/#primaryimage"},"image":{"@id":"https:\/\/finquesgaldos.es\/politicas-de-privacidad\/#primaryimage"},"thumbnailUrl":"https:\/\/finquesgaldos.es\/wp-content\/uploads\/2025\/05\/LOGO-finques-galdos-e1747490730351.png","datePublished":"2025-05-17T12:41:20+00:00","dateModified":"2025-05-21T10:17:29+00:00","breadcrumb":{"@id":"https:\/\/finquesgaldos.es\/politicas-de-privacidad\/#breadcrumb"},"inLanguage":"ca","potentialAction":[{"@type":"ReadAction","target":["https:\/\/finquesgaldos.es\/politicas-de-privacidad\/"]}]},{"@type":"ImageObject","inLanguage":"ca","@id":"https:\/\/finquesgaldos.es\/politicas-de-privacidad\/#primaryimage","url":"https:\/\/finquesgaldos.es\/wp-content\/uploads\/2025\/05\/LOGO-finques-galdos-e1747490730351.png","contentUrl":"https:\/\/finquesgaldos.es\/wp-content\/uploads\/2025\/05\/LOGO-finques-galdos-e1747490730351.png","width":463,"height":155,"caption":"LOGO finques galdos"},{"@type":"BreadcrumbList","@id":"https:\/\/finquesgaldos.es\/politicas-de-privacidad\/#breadcrumb","itemListElement":[{"@type":"ListItem","position":1,"name":"Portada","item":"https:\/\/finquesgaldos.es\/"},{"@type":"ListItem","position":2,"name":"Pol\u00edticas de privacidad"}]},{"@type":"WebSite","@id":"https:\/\/finquesgaldos.es\/#website","url":"https:\/\/finquesgaldos.es\/","name":"Finques Galdos","description":"Gesti\u00f3n Inmobiliaria y administraci\u00f3n de fincas","publisher":{"@id":"https:\/\/finquesgaldos.es\/#organization"},"potentialAction":[{"@type":"SearchAction","target":{"@type":"EntryPoint","urlTemplate":"https:\/\/finquesgaldos.es\/?s={search_term_string}"},"query-input":{"@type":"PropertyValueSpecification","valueRequired":true,"valueName":"search_term_string"}}],"inLanguage":"ca"},{"@type":"Organization","@id":"https:\/\/finquesgaldos.es\/#organization","name":"Finques Galdos S.L.","url":"https:\/\/finquesgaldos.es\/","logo":{"@type":"ImageObject","inLanguage":"ca","@id":"https:\/\/finquesgaldos.es\/#\/schema\/logo\/image\/","url":"https:\/\/finquesgaldos.es\/wp-content\/uploads\/2025\/05\/Logo.jpg","contentUrl":"https:\/\/finquesgaldos.es\/wp-content\/uploads\/2025\/05\/Logo.jpg","width":1080,"height":1080,"caption":"Finques Galdos S.L."},"image":{"@id":"https:\/\/finquesgaldos.es\/#\/schema\/logo\/image\/"},"sameAs":["https:\/\/www.facebook.com\/fincasgaldos\/","https:\/\/www.instagram.com\/finques_galdos\/"]}]}},"_links":{"self":[{"href":"https:\/\/finquesgaldos.es\/ca\/wp-json\/wp\/v2\/pages\/3","targetHints":{"allow":["GET"]}}],"collection":[{"href":"https:\/\/finquesgaldos.es\/ca\/wp-json\/wp\/v2\/pages"}],"about":[{"href":"https:\/\/finquesgaldos.es\/ca\/wp-json\/wp\/v2\/types\/page"}],"author":[{"embeddable":true,"href":"https:\/\/finquesgaldos.es\/ca\/wp-json\/wp\/v2\/users\/1"}],"replies":[{"embeddable":true,"href":"https:\/\/finquesgaldos.es\/ca\/wp-json\/wp\/v2\/comments?post=3"}],"version-history":[{"count":2,"href":"https:\/\/finquesgaldos.es\/ca\/wp-json\/wp\/v2\/pages\/3\/revisions"}],"predecessor-version":[{"id":1114,"href":"https:\/\/finquesgaldos.es\/ca\/wp-json\/wp\/v2\/pages\/3\/revisions\/1114"}],"wp:featuredmedia":[{"embeddable":true,"href":"https:\/\/finquesgaldos.es\/ca\/wp-json\/wp\/v2\/media\/8"}],"wp:attachment":[{"href":"https:\/\/finquesgaldos.es\/ca\/wp-json\/wp\/v2\/media?parent=3"}],"curies":[{"name":"wp","href":"https:\/\/api.w.org\/{rel}","templated":true}]}}